{"id":71,"date":"2013-04-10T00:13:26","date_gmt":"2013-04-09T22:13:26","guid":{"rendered":"http:\/\/www.kinderbetreuung-hexenkessel.de\/?page_id=71"},"modified":"2024-04-25T08:15:00","modified_gmt":"2024-04-25T06:15:00","slug":"uber-mich-2","status":"publish","type":"page","link":"https:\/\/www.kinderbetreuung-hexenkessel.de\/?page_id=71","title":{"rendered":"\u00dcber mich"},"content":{"rendered":"<h1>Ich stelle mich vor<\/h1>\n<p>Mein Name ist Nicole Salzmann.<\/p>\n<table border=\"0\" width=\"450\">\n<tbody>\n<tr>\n<td width=\"70\">19.10.1979<\/td>\n<td width=\"310\">wurde ich in Bad Wildungen geboren<\/td>\n<\/tr>\n<tr>\n<td>1986-1990<\/td>\n<td>Grundschule<\/td>\n<\/tr>\n<tr>\n<td>1990-1996<\/td>\n<td>Realschule<\/td>\n<\/tr>\n<tr>\n<td>1996-1999<\/td>\n<td>Ausbildung als K\u00f6chin<\/td>\n<\/tr>\n<tr>\n<td>20042005<\/p>\n<p>2011<\/td>\n<td>Grundkurs zur KindertagespflegepersonZulassung zur Kindertagespflegeperson<\/p>\n<p>Zertifikat als Kindertagespflegeperson<\/td>\n<\/tr>\n<tr>\n<td>2013<\/p>\n<p>2017<\/td>\n<td>Beginn einer Ausbildung zur Erzieherin in Teilzeit (evangelisches Fr\u00f6belseminar Kassel)<\/p>\n<p>Erlangung der staatlichen Anerkennung als Erzieherin<\/td>\n<\/tr>\n<\/tbody>\n<\/table>\n<p style=\"text-align: justify;\">Wir f\u00fchren ein sehr einfaches und sch\u00f6nes Leben. Wir sind sehr bodenst\u00e4ndige und engagierte Menschen. Mir ist es wichtig den Kindern Ruhe und Stabilit\u00e4t zu vermitteln. Das Leben ist oftmals so stressig, dass die meisten Menschen die sch\u00f6nen Dinge nicht mehr sehen. Es ist sch\u00f6n die Welt mit Kinderaugen zu sehen. Nat\u00fcrlich gelingt mir dies auch nicht immer, aber ich bem\u00fche mich, nicht alles so verbissen und ernst zu sehen. Unsere Kinder sollten Kinder seien d\u00fcrfen und nicht kleine Erwachsene. Zum Kind sein geh\u00f6rt es auch sich dreckig machen zu d\u00fcrfen, das Brot mal alleine schmieren d\u00fcrfen, mit dem Messer einen Apfel schneiden d\u00fcrfen usw. .Vielen Kindern werden solche Erfahrungen genommen aus Angst, es k\u00f6nnte etwas passieren und oftmals auch aus Zeitmangel. Es ist heute f\u00fcr viele schwierig geworden einen Mittelweg zu finden. Wir, f\u00fcr uns, haben es geschafft.<\/p>\n<blockquote>\n<p style=\"text-align: center;\"><strong>&#8222;Sag es mir und ich vergesse es,<\/strong><\/p>\n<p style=\"text-align: center;\"><strong>Zeige es mir und ich erinnere mich,<\/strong><\/p>\n<p style=\"text-align: center;\"><strong>Lass es mich selber tun und ich behalte es.&#8220;<\/strong><\/p>\n<p style=\"text-align: justify;\">\n<\/blockquote>\n","protected":false},"excerpt":{"rendered":"<p>Ich stelle mich vor Mein Name ist Nicole Salzmann. 19.10.1979 wurde ich in Bad Wildungen geboren 1986-1990 Grundschule 1990-1996 Realschule 1996-1999 Ausbildung als K\u00f6chin 20042005 2011 Grundkurs zur KindertagespflegepersonZulassung zur Kindertagespflegeperson Zertifikat als Kindertagespflegeperson 2013 2017 Beginn einer Ausbildung zur Erzieherin in Teilzeit (evangelisches Fr\u00f6belseminar Kassel) Erlangung der staatlichen Anerkennung als Erzieherin Wir f\u00fchren ein [&hellip;]<\/p>\n","protected":false},"author":1,"featured_media":0,"parent":0,"menu_order":2,"comment_status":"closed","ping_status":"closed","template":"","meta":[],"_links":{"self":[{"href":"https:\/\/www.kinderbetreuung-hexenkessel.de\/index.php?rest_route=\/wp\/v2\/pages\/71"}],"collection":[{"href":"https:\/\/www.kinderbetreuung-hexenkessel.de\/index.php?rest_route=\/wp\/v2\/pages"}],"about":[{"href":"https:\/\/www.kinderbetreuung-hexenkessel.de\/index.php?rest_route=\/wp\/v2\/types\/page"}],"author":[{"embeddable":true,"href":"https:\/\/www.kinderbetreuung-hexenkessel.de\/index.php?rest_route=\/wp\/v2\/users\/1"}],"replies":[{"embeddable":true,"href":"https:\/\/www.kinderbetreuung-hexenkessel.de\/index.php?rest_route=%2Fwp%2Fv2%2Fcomments&post=71"}],"version-history":[{"count":6,"href":"https:\/\/www.kinderbetreuung-hexenkessel.de\/index.php?rest_route=\/wp\/v2\/pages\/71\/revisions"}],"predecessor-version":[{"id":354,"href":"https:\/\/www.kinderbetreuung-hexenkessel.de\/index.php?rest_route=\/wp\/v2\/pages\/71\/revisions\/354"}],"wp:attachment":[{"href":"https:\/\/www.kinderbetreuung-hexenkessel.de\/index.php?rest_route=%2Fwp%2Fv2%2Fmedia&parent=71"}],"curies":[{"name":"wp","href":"https:\/\/api.w.org\/{rel}","templated":true}]}}