{"id":62,"date":"2013-04-10T00:10:46","date_gmt":"2013-04-09T22:10:46","guid":{"rendered":"http:\/\/www.kinderbetreuung-hexenkessel.de\/?page_id=62"},"modified":"2016-05-12T21:39:30","modified_gmt":"2016-05-12T19:39:30","slug":"konzept-2","status":"publish","type":"page","link":"https:\/\/www.kinderbetreuung-hexenkessel.de\/?page_id=62","title":{"rendered":"Konzept"},"content":{"rendered":"<h1>Kindheit im Wandel<\/h1>\n<p style=\"text-align: justify;\">In den letzten 30 Jahren hat sich in der Erziehung vieles ver\u00e4ndert. Fr\u00fcher standen Gehorsam und Unterw\u00fcrfigkeit an oberster Stelle. Die Rollenverteilung war ganz klar zugeordnet. Fr\u00fcher sind die meisten Kinder in so genannten intakten Familien aufgewachsen. Der Vater sorgte f\u00fcr den Lebensunterhalt und die Mutter war f\u00fcr die Kinder und den Haushalt verantwortlich. Am Vormittag waren die Kinder im Kindergarten und wurden von den Erzieherinnen betreut. Abends kam der Vater nach Hause und man a\u00df zusammen.<\/p>\n<p style=\"text-align: justify;\">Daran hat sich so einiges ge\u00e4ndert. Dies soll aber nicht hei\u00dfen, dass die heutigen Kinder es leichter oder besser h\u00e4tten. Viele Kinder bekommen schon in j\u00fcngster Kindheit mit, wie stressig das Leben ist. Sie werden oft vom Babytreff, zur Musikfr\u00fcherziehung oder zum Sport gebracht. Sie wandern von einer Betreuerin zur n\u00e4chsten. Sich mal mit anderen Kindern einfach mal auf der Stra\u00dfe treffen und spielen ist f\u00fcr die meisten Kinder was ganz fremdes.<\/p>\n<p style=\"text-align: justify;\">Auch die heutige Wohnsituation l\u00e4sst oftmals zu w\u00fcnschen \u00fcbrig. Meist sind die Kinderzimmer die kleinsten Zimmer in der Wohnung, so dass die Kinder gar keine M\u00f6glichkeit haben sich auszutoben. Auch intolerante Nachbarn und d\u00fcnne W\u00e4nde tragen ihren Teil dazu bei.<\/p>\n<p style=\"text-align: justify;\">So l\u00e4sst es sich zum Teil erkl\u00e4ren warum in unsrer Zeit so viele Kinder schon zu verschiedenen Therapien (Ergo, Logo) m\u00fcssen. Wer sich die Zeit nimmt, \u00fcber diese Thematik intensiv nachzudenken, wird feststellen, dass es gut ist, wenn Eltern, Lehrer, Erzieherinnen und Tagesm\u00fctter auf diese ver\u00e4nderte Kindheit einstellen und sich genauso weiterentwickeln, wie unsere Kinder.<\/p>\n<blockquote>\n<p style=\"text-align: center;\"><strong>Das Beste f\u00fcr ein Kind zum Spielen,\u00a0<\/strong><\/p>\n<p style=\"text-align: center;\"><strong>ist ein anderes Kind.<\/strong><\/p>\n<p style=\"text-align: center;\"><strong> (Froebel)<\/strong><\/p>\n<p>&nbsp;<\/p><\/blockquote>\n","protected":false},"excerpt":{"rendered":"<p>Kindheit im Wandel In den letzten 30 Jahren hat sich in der Erziehung vieles ver\u00e4ndert. Fr\u00fcher standen Gehorsam und Unterw\u00fcrfigkeit an oberster Stelle. Die Rollenverteilung war ganz klar zugeordnet. Fr\u00fcher sind die meisten Kinder in so genannten intakten Familien aufgewachsen. Der Vater sorgte f\u00fcr den Lebensunterhalt und die Mutter war f\u00fcr die Kinder und den [&hellip;]<\/p>\n","protected":false},"author":1,"featured_media":0,"parent":0,"menu_order":4,"comment_status":"closed","ping_status":"closed","template":"","meta":[],"_links":{"self":[{"href":"https:\/\/www.kinderbetreuung-hexenkessel.de\/index.php?rest_route=\/wp\/v2\/pages\/62"}],"collection":[{"href":"https:\/\/www.kinderbetreuung-hexenkessel.de\/index.php?rest_route=\/wp\/v2\/pages"}],"about":[{"href":"https:\/\/www.kinderbetreuung-hexenkessel.de\/index.php?rest_route=\/wp\/v2\/types\/page"}],"author":[{"embeddable":true,"href":"https:\/\/www.kinderbetreuung-hexenkessel.de\/index.php?rest_route=\/wp\/v2\/users\/1"}],"replies":[{"embeddable":true,"href":"https:\/\/www.kinderbetreuung-hexenkessel.de\/index.php?rest_route=%2Fwp%2Fv2%2Fcomments&post=62"}],"version-history":[{"count":3,"href":"https:\/\/www.kinderbetreuung-hexenkessel.de\/index.php?rest_route=\/wp\/v2\/pages\/62\/revisions"}],"predecessor-version":[{"id":249,"href":"https:\/\/www.kinderbetreuung-hexenkessel.de\/index.php?rest_route=\/wp\/v2\/pages\/62\/revisions\/249"}],"wp:attachment":[{"href":"https:\/\/www.kinderbetreuung-hexenkessel.de\/index.php?rest_route=%2Fwp%2Fv2%2Fmedia&parent=62"}],"curies":[{"name":"wp","href":"https:\/\/api.w.org\/{rel}","templated":true}]}}