{"id":58,"date":"2013-04-10T00:09:44","date_gmt":"2013-04-09T22:09:44","guid":{"rendered":"http:\/\/www.kinderbetreuung-hexenkessel.de\/?page_id=58"},"modified":"2017-09-19T11:58:48","modified_gmt":"2017-09-19T09:58:48","slug":"auftrag-der-betreuung","status":"publish","type":"page","link":"https:\/\/www.kinderbetreuung-hexenkessel.de\/?page_id=58","title":{"rendered":"Auftrag meiner Kindertagespflegestelle"},"content":{"rendered":"<h1>Auftrag meiner Kindertagespflegestelle<\/h1>\n<p style=\"text-align: justify;\">Jede Kinderbetreuung ist eine sozialp\u00e4dagogische Einrichtung f\u00fcr Kinder und hat neben der Betreuungsaufgabe einen eigenst\u00e4ndigen Erziehungs- und Bildungsauftrag. Die F\u00f6rderung des Kindes steht hierbei im Vordergrund. Die Kinderg\u00e4rten, die Krippen und ich als Tagesmutter unterst\u00fctzen durch\u00a0die Beratung und durch Informationen, die Eltern in der Erziehung ihrer Kinder.<\/p>\n<p style=\"text-align: justify;\">Zum Bildungsauftrag geh\u00f6rt es unter anderem auch, die jeweilige Lebenssituation des Kindes in der Betreuung zu ber\u00fccksichtigen und dadurch dem Kind zur Selbstst\u00e4ndigkeit und Eigenaktivit\u00e4t zu helfen. Die Kinder sollen unterschiedliche soziale Verhaltensweisen, Situationen und Probleme bewusst erleben. Sie sollen die M\u00f6glichkeit erhalten ihre eigene Rolle innerhalb der Gruppe zu erfahren.<\/p>\n<p style=\"text-align: justify;\">Mein Angebot orientiert sich an den Bed\u00fcrfnissen der Eltern und ihrer Kinder. Kinder lernen durch ganzheitliche Aktivit\u00e4ten sich in der st\u00e4ndig wandelnden Gesellschaft zurechtzufinden. Kinder brauchen Stabilit\u00e4t und Werte, um der immer rasanteren Entwicklung und ihren Anforderungen standhalten zu k\u00f6nnen. Kinder lernen viele verschiedene Kompetenzen. F\u00fcr mich ist die k\u00f6rperliche- und soziale Kompetenz allerdings die wichtigste. Kinder, die gelernt haben sich selber An- und Auszuziehen, k\u00f6nnen sp\u00e4ter Verantwortung f\u00fcr sich selbst tragen. Nur wer seinen K\u00f6rper kennt und ihn richtig einsetzen kann, kann auf seine Mitmenschen reagieren. Wer z.B. nicht wei\u00df wie sich Trauer anf\u00fchlt, kann seinen Freund nicht tr\u00f6sten. Gef\u00fchle sind die erste Sprache, die Kinder sprechen. Es liegt an uns zu signalisieren, dass wir sie verstehen.<\/p>\n<p style=\"text-align: justify;\">Die soziale Kompetenz empfinde ich als sehr wichtig, weil wir das ganze Leben davon profitieren z.B. wenn wir Probleme durch Gespr\u00e4che l\u00f6sen k\u00f6nnen, oder uns in eine Gruppe integrieren k\u00f6nnen. Kinder lernen in der Gruppe andere zu respektieren. Die Kinder entwickeln ihre eigene Identit\u00e4t und setzen Grenzen. Dies alles geschieht im allt\u00e4glichen Umgang der Kinder untereinander, besonders aber im Frei- und im Rollenspiel. Hierbei spielt auch die Natur eine sehr gro\u00dfe Rolle. Wir Menschen sind nur Teil unserer Umwelt. Es ist wichtig den Kindern zu vermitteln, dass die Natur etwas ganz essentielles ist. Die Wertsch\u00e4tzung der Natur und ihrer Lebewesen empfinde ich pers\u00f6hnlich als sehr wichtig. Jeder Mensch und auch jedes Tier hat seine Daseinsberechtigung, egal ob wir es als sch\u00f6n oder h\u00e4sslich empfinden. Der Kreislauf von wachsen und sterben l\u00e4sst sich anhand der Natur zum Beispiel auch immer wieder sehr sch\u00f6n verdeutlichen.<\/p>\n","protected":false},"excerpt":{"rendered":"<p>Auftrag meiner Kindertagespflegestelle Jede Kinderbetreuung ist eine sozialp\u00e4dagogische Einrichtung f\u00fcr Kinder und hat neben der Betreuungsaufgabe einen eigenst\u00e4ndigen Erziehungs- und Bildungsauftrag. Die F\u00f6rderung des Kindes steht hierbei im Vordergrund. Die Kinderg\u00e4rten, die Krippen und ich als Tagesmutter unterst\u00fctzen durch\u00a0die Beratung und durch Informationen, die Eltern in der Erziehung ihrer Kinder. Zum Bildungsauftrag geh\u00f6rt es unter [&hellip;]<\/p>\n","protected":false},"author":1,"featured_media":0,"parent":62,"menu_order":2,"comment_status":"closed","ping_status":"closed","template":"","meta":[],"_links":{"self":[{"href":"https:\/\/www.kinderbetreuung-hexenkessel.de\/index.php?rest_route=\/wp\/v2\/pages\/58"}],"collection":[{"href":"https:\/\/www.kinderbetreuung-hexenkessel.de\/index.php?rest_route=\/wp\/v2\/pages"}],"about":[{"href":"https:\/\/www.kinderbetreuung-hexenkessel.de\/index.php?rest_route=\/wp\/v2\/types\/page"}],"author":[{"embeddable":true,"href":"https:\/\/www.kinderbetreuung-hexenkessel.de\/index.php?rest_route=\/wp\/v2\/users\/1"}],"replies":[{"embeddable":true,"href":"https:\/\/www.kinderbetreuung-hexenkessel.de\/index.php?rest_route=%2Fwp%2Fv2%2Fcomments&post=58"}],"version-history":[{"count":6,"href":"https:\/\/www.kinderbetreuung-hexenkessel.de\/index.php?rest_route=\/wp\/v2\/pages\/58\/revisions"}],"predecessor-version":[{"id":317,"href":"https:\/\/www.kinderbetreuung-hexenkessel.de\/index.php?rest_route=\/wp\/v2\/pages\/58\/revisions\/317"}],"up":[{"embeddable":true,"href":"https:\/\/www.kinderbetreuung-hexenkessel.de\/index.php?rest_route=\/wp\/v2\/pages\/62"}],"wp:attachment":[{"href":"https:\/\/www.kinderbetreuung-hexenkessel.de\/index.php?rest_route=%2Fwp%2Fv2%2Fmedia&parent=58"}],"curies":[{"name":"wp","href":"https:\/\/api.w.org\/{rel}","templated":true}]}}