{"id":52,"date":"2013-04-10T00:06:41","date_gmt":"2013-04-09T22:06:41","guid":{"rendered":"http:\/\/www.kinderbetreuung-hexenkessel.de\/?page_id=52"},"modified":"2017-09-19T11:56:15","modified_gmt":"2017-09-19T09:56:15","slug":"offentlichkitsarbeit","status":"publish","type":"page","link":"https:\/\/www.kinderbetreuung-hexenkessel.de\/?page_id=52","title":{"rendered":"\u00d6ffentlichkeitsarbeit"},"content":{"rendered":"<h1>\u00d6ffentlichkeitsarbeit<\/h1>\n<p style=\"text-align: justify;\">Ziel meiner Arbeit ist es, Transparenz in meine Arbeit zu bringen. Ich m\u00f6chte nicht still und heimlich in meinen R\u00e4umen sitzen und meine Arbeit machen. Ich m\u00f6chte auch in der \u00d6ffentlichkeit auf mich und meine Arbeit aufmerksam machen.<br \/>\nIch m\u00f6chte, dass meine Mitmenschen wissen, dass ich qualitativ gute Arbeit leiste.<\/p>\n<p style=\"text-align: justify;\">Zu meiner \u00d6ffentlichkeitsarbeit geh\u00f6rt z.B., dass ich Flyer in Felsberg verteile, einen Tag der Offenen T\u00fcr anbiete und auch andere Institutionen auf mich aufmerksam mache. Die ans\u00e4ssige Zeitung hat bereits mehrere Berichte \u00fcber mich und meine Arbeit ver\u00f6ffentlicht. Ein weiterer Punkt ist die enge Kooperation mit dem evangelischen Kindergarten in Felsberg. So kommt der Kindergarten gerne zu uns, um mit den Kindergartenkindern gemeinsam Apfelsaft zu machen. Auch Workshops zum Thema &#8222;Kerzengie\u00dfen&#8220; habe ich schon f\u00fcr den Kindergarten und die Grundschule angeboten. Diese Zusammenarbeit ist mir sehr wichtig, da ich bei Erziehungsfragen und Problemen immer kompetente Erzieherinnen um\u00a0Rat\u00a0bitten kann.<\/p>\n","protected":false},"excerpt":{"rendered":"<p>\u00d6ffentlichkeitsarbeit Ziel meiner Arbeit ist es, Transparenz in meine Arbeit zu bringen. Ich m\u00f6chte nicht still und heimlich in meinen R\u00e4umen sitzen und meine Arbeit machen. Ich m\u00f6chte auch in der \u00d6ffentlichkeit auf mich und meine Arbeit aufmerksam machen. Ich m\u00f6chte, dass meine Mitmenschen wissen, dass ich qualitativ gute Arbeit leiste. Zu meiner \u00d6ffentlichkeitsarbeit geh\u00f6rt [&hellip;]<\/p>\n","protected":false},"author":1,"featured_media":0,"parent":8,"menu_order":7,"comment_status":"closed","ping_status":"closed","template":"","meta":[],"_links":{"self":[{"href":"https:\/\/www.kinderbetreuung-hexenkessel.de\/index.php?rest_route=\/wp\/v2\/pages\/52"}],"collection":[{"href":"https:\/\/www.kinderbetreuung-hexenkessel.de\/index.php?rest_route=\/wp\/v2\/pages"}],"about":[{"href":"https:\/\/www.kinderbetreuung-hexenkessel.de\/index.php?rest_route=\/wp\/v2\/types\/page"}],"author":[{"embeddable":true,"href":"https:\/\/www.kinderbetreuung-hexenkessel.de\/index.php?rest_route=\/wp\/v2\/users\/1"}],"replies":[{"embeddable":true,"href":"https:\/\/www.kinderbetreuung-hexenkessel.de\/index.php?rest_route=%2Fwp%2Fv2%2Fcomments&post=52"}],"version-history":[{"count":2,"href":"https:\/\/www.kinderbetreuung-hexenkessel.de\/index.php?rest_route=\/wp\/v2\/pages\/52\/revisions"}],"predecessor-version":[{"id":315,"href":"https:\/\/www.kinderbetreuung-hexenkessel.de\/index.php?rest_route=\/wp\/v2\/pages\/52\/revisions\/315"}],"up":[{"embeddable":true,"href":"https:\/\/www.kinderbetreuung-hexenkessel.de\/index.php?rest_route=\/wp\/v2\/pages\/8"}],"wp:attachment":[{"href":"https:\/\/www.kinderbetreuung-hexenkessel.de\/index.php?rest_route=%2Fwp%2Fv2%2Fmedia&parent=52"}],"curies":[{"name":"wp","href":"https:\/\/api.w.org\/{rel}","templated":true}]}}