{"id":50,"date":"2013-04-10T00:06:19","date_gmt":"2013-04-09T22:06:19","guid":{"rendered":"http:\/\/www.kinderbetreuung-hexenkessel.de\/?page_id=50"},"modified":"2017-09-19T11:53:14","modified_gmt":"2017-09-19T09:53:14","slug":"zusammenarbeit-mit-den-eltern","status":"publish","type":"page","link":"https:\/\/www.kinderbetreuung-hexenkessel.de\/?page_id=50","title":{"rendered":"Zusammenarbeit mit Ihnen als Eltern"},"content":{"rendered":"<h1>Zusammenarbeit mit Ihnen als Eltern<\/h1>\n<p style=\"text-align: justify;\">Mit dem Beginn der Betreuung \u00e4ndert sich nicht nur der Tagesablauf der Kinder. Die Eltern m\u00fcssen loslassen und ihre Kinder in andere H\u00e4nde geben. Zusammen mit Ihnen m\u00f6chte ich eine Erziehungspartnerschaft eingehen und mit Ihnen eng zusammen arbeiten. Denn schlie\u00dflich sind Sie die Fachkr\u00e4fte f\u00fcr Ihr Kind.<\/p>\n<p style=\"text-align: justify;\">Die Erziehungspartnerschaft\u00a0ist mir daher sehr wichtig. Aus diesem Grund freue ich mich auch \u00fcber jedes Gespr\u00e4ch, welches\u00a0Sie mit mir f\u00fchren. Dabei muss man nicht jedes mal einen Termin vereinbaren. Viele Dinge lassen sich auch gut in den so genannten T\u00fcr-und-Angel-Gespr\u00e4chen regeln. Sie dienen dazu, kurz und b\u00fcndig zu erz\u00e4hlen was es an diesem Tag besonderes gab. So kann mir eine abgebende Mutter z.B. berichten, dass ihr Kind schlecht geschlafen hat und ich kann mich auf die Situation besser einstellen und wei\u00df warum das Kind eventuell quenglig ist. Im anderen Fall verh\u00e4lt es sich nat\u00fcrlich genauso.<\/p>\n<p style=\"text-align: justify;\">Bei unseren Festen mit Eltern, Gro\u00dfeltern\u00a0 kann man sich besser kennen lernen und somit eine Beziehung zueinander aufbauen. Besteht ein gutes Verh\u00e4ltnis zwischen Eltern und Tagesmutter profitieren auch die Kinder davon. Aus diesem Grund ist es auch wichtig \u00fcber Probleme zu sprechen bevor sie un\u00fcberwindbar werden.<br \/>\nAlle Informationen die ich von Ihnen \u00fcber Ihre Familie und Ihr Kind erhalte, werden nat\u00fcrlich vertraulich behandelt und unterliegen der Schweigepflicht.<\/p>\n","protected":false},"excerpt":{"rendered":"<p>Zusammenarbeit mit Ihnen als Eltern Mit dem Beginn der Betreuung \u00e4ndert sich nicht nur der Tagesablauf der Kinder. Die Eltern m\u00fcssen loslassen und ihre Kinder in andere H\u00e4nde geben. Zusammen mit Ihnen m\u00f6chte ich eine Erziehungspartnerschaft eingehen und mit Ihnen eng zusammen arbeiten. Denn schlie\u00dflich sind Sie die Fachkr\u00e4fte f\u00fcr Ihr Kind. Die Erziehungspartnerschaft\u00a0ist mir [&hellip;]<\/p>\n","protected":false},"author":1,"featured_media":0,"parent":8,"menu_order":6,"comment_status":"closed","ping_status":"closed","template":"","meta":[],"_links":{"self":[{"href":"https:\/\/www.kinderbetreuung-hexenkessel.de\/index.php?rest_route=\/wp\/v2\/pages\/50"}],"collection":[{"href":"https:\/\/www.kinderbetreuung-hexenkessel.de\/index.php?rest_route=\/wp\/v2\/pages"}],"about":[{"href":"https:\/\/www.kinderbetreuung-hexenkessel.de\/index.php?rest_route=\/wp\/v2\/types\/page"}],"author":[{"embeddable":true,"href":"https:\/\/www.kinderbetreuung-hexenkessel.de\/index.php?rest_route=\/wp\/v2\/users\/1"}],"replies":[{"embeddable":true,"href":"https:\/\/www.kinderbetreuung-hexenkessel.de\/index.php?rest_route=%2Fwp%2Fv2%2Fcomments&post=50"}],"version-history":[{"count":3,"href":"https:\/\/www.kinderbetreuung-hexenkessel.de\/index.php?rest_route=\/wp\/v2\/pages\/50\/revisions"}],"predecessor-version":[{"id":314,"href":"https:\/\/www.kinderbetreuung-hexenkessel.de\/index.php?rest_route=\/wp\/v2\/pages\/50\/revisions\/314"}],"up":[{"embeddable":true,"href":"https:\/\/www.kinderbetreuung-hexenkessel.de\/index.php?rest_route=\/wp\/v2\/pages\/8"}],"wp:attachment":[{"href":"https:\/\/www.kinderbetreuung-hexenkessel.de\/index.php?rest_route=%2Fwp%2Fv2%2Fmedia&parent=50"}],"curies":[{"name":"wp","href":"https:\/\/api.w.org\/{rel}","templated":true}]}}