{"id":48,"date":"2013-04-10T00:05:42","date_gmt":"2013-04-09T22:05:42","guid":{"rendered":"http:\/\/www.kinderbetreuung-hexenkessel.de\/?page_id=48"},"modified":"2024-04-25T08:21:15","modified_gmt":"2024-04-25T06:21:15","slug":"das-jahr-bei-uns","status":"publish","type":"page","link":"https:\/\/www.kinderbetreuung-hexenkessel.de\/?page_id=48","title":{"rendered":"Das Jahr bei uns"},"content":{"rendered":"<h1>Das Jahr bei uns<\/h1>\n<p>Das Jahr geht bei uns ziemlich schnell rum, da ich mit den Kindern immer sch\u00f6ne und aufregende Aktionen starte.<\/p>\n<p>Es gibt folgende Aktionen bei mir:<\/p>\n<ul>\n<li>Geburtstagsfeiern<\/li>\n<li>Ausfl\u00fcge<\/li>\n<li>wir basteln Laternen f\u00fcr unseren Laternenumzug<\/li>\n<li>wir feiern zusammen Advent<\/li>\n<li>wir kochen und backen zusammen<\/li>\n<li>wir s\u00e4en und ernten<\/li>\n<li>wir pflegen zusammen den Garten und lernen Kr\u00e4uter und Blumen kennen<\/li>\n<li>wir sammeln \u00c4pfel auf und machen selber Apfelsaft<\/li>\n<li>und wir feiern zusammen unsere beliebten Feste<\/li>\n<li>Kerzen gie\u00dfen<\/li>\n<li>wir erleben bewu\u00dft die Jahreszeiten<\/li>\n<\/ul>\n\n\n<p><\/p>\n","protected":false},"excerpt":{"rendered":"<p>Das Jahr bei uns Das Jahr geht bei uns ziemlich schnell rum, da ich mit den Kindern immer sch\u00f6ne und aufregende Aktionen starte. Es gibt folgende Aktionen bei mir: Geburtstagsfeiern Ausfl\u00fcge wir basteln Laternen f\u00fcr unseren Laternenumzug wir feiern zusammen Advent wir kochen und backen zusammen wir s\u00e4en und ernten wir pflegen zusammen den Garten [&hellip;]<\/p>\n","protected":false},"author":1,"featured_media":0,"parent":8,"menu_order":5,"comment_status":"closed","ping_status":"closed","template":"","meta":[],"_links":{"self":[{"href":"https:\/\/www.kinderbetreuung-hexenkessel.de\/index.php?rest_route=\/wp\/v2\/pages\/48"}],"collection":[{"href":"https:\/\/www.kinderbetreuung-hexenkessel.de\/index.php?rest_route=\/wp\/v2\/pages"}],"about":[{"href":"https:\/\/www.kinderbetreuung-hexenkessel.de\/index.php?rest_route=\/wp\/v2\/types\/page"}],"author":[{"embeddable":true,"href":"https:\/\/www.kinderbetreuung-hexenkessel.de\/index.php?rest_route=\/wp\/v2\/users\/1"}],"replies":[{"embeddable":true,"href":"https:\/\/www.kinderbetreuung-hexenkessel.de\/index.php?rest_route=%2Fwp%2Fv2%2Fcomments&post=48"}],"version-history":[{"count":4,"href":"https:\/\/www.kinderbetreuung-hexenkessel.de\/index.php?rest_route=\/wp\/v2\/pages\/48\/revisions"}],"predecessor-version":[{"id":362,"href":"https:\/\/www.kinderbetreuung-hexenkessel.de\/index.php?rest_route=\/wp\/v2\/pages\/48\/revisions\/362"}],"up":[{"embeddable":true,"href":"https:\/\/www.kinderbetreuung-hexenkessel.de\/index.php?rest_route=\/wp\/v2\/pages\/8"}],"wp:attachment":[{"href":"https:\/\/www.kinderbetreuung-hexenkessel.de\/index.php?rest_route=%2Fwp%2Fv2%2Fmedia&parent=48"}],"curies":[{"name":"wp","href":"https:\/\/api.w.org\/{rel}","templated":true}]}}