{"id":46,"date":"2013-04-10T00:05:16","date_gmt":"2013-04-09T22:05:16","guid":{"rendered":"http:\/\/www.kinderbetreuung-hexenkessel.de\/?page_id=46"},"modified":"2024-04-25T08:09:42","modified_gmt":"2024-04-25T06:09:42","slug":"offnungszeiten-ferien-und-fortbildungstage","status":"publish","type":"page","link":"https:\/\/www.kinderbetreuung-hexenkessel.de\/?page_id=46","title":{"rendered":"\u00d6ffnungszeiten, Ferien und Fortbildungstage"},"content":{"rendered":"<h1>\u00d6ffnungszeiten, Ferien und Fortbildungstage<\/h1>\n<table border=\"0\" width=\"450\">\n<tbody>\n<tr>\n<td width=\"130\">Montag<\/td>\n<td width=\"310\">6-17 Uhr<\/td>\n<\/tr>\n<tr>\n<td>Dienstag<\/td>\n<td>6-17 Uhr<\/td>\n<\/tr>\n<tr>\n<td>Mittwoch<\/td>\n<td>6-17Uhr<\/td>\n<\/tr>\n<tr>\n<td>Donnerstag<\/td>\n<td>6-17 Uhr<\/td>\n<\/tr>\n<tr>\n<td>Freitag<\/td>\n<td>6-17 Uhr<\/td>\n<\/tr>\n<tr>\n<td>Samstag<\/td>\n<td>nach Vereinbarung<\/td>\n<\/tr>\n<tr>\n<td>Sonntag<\/td>\n<td>nach Vereinbarung<\/td>\n<\/tr>\n<\/tbody>\n<\/table>\n<p>Die Kinder sollten bis sp\u00e4testens 8.00 Uhr gebracht werden und fr\u00fchestens\u00a0 ab 14.00 Uhr wieder geholt werden, da ansonsten die Kinder in der Gruppe zu sehr gest\u00f6rt werden. Auch erleichtert es mir meine Planung f\u00fcr unsere Tagesaktivit\u00e4ten.<\/p>\n<p>Die Betreuung au\u00dferhalb der genannten Zeiten ist nat\u00fcrlich nach Absprache m\u00f6glich.<\/p>\n<p>Der Hexenkessel schlie\u00dft zwischen Weihnachten und Silvester und die erste Januarwoche, sowie zwei Wochen in den Sommerferien.<br \/>\nEs kann vorkommen, dass der Hexenkessel wegen Fortbildung geschlossen bleibt. Diese Termine werden aber rechtzeitig mitgeteilt.<br \/>\nAn Feiertagen erfolgt die Betreuung je nach Bedarf.<br \/>\nAu\u00dferdem besteht die M\u00f6glichkeit, dass Ihre Kinder auch \u00fcber Nacht bleiben k\u00f6nnen.<\/p>\n","protected":false},"excerpt":{"rendered":"<p>\u00d6ffnungszeiten, Ferien und Fortbildungstage Montag 6-17 Uhr Dienstag 6-17 Uhr Mittwoch 6-17Uhr Donnerstag 6-17 Uhr Freitag 6-17 Uhr Samstag nach Vereinbarung Sonntag nach Vereinbarung Die Kinder sollten bis sp\u00e4testens 8.00 Uhr gebracht werden und fr\u00fchestens\u00a0 ab 14.00 Uhr wieder geholt werden, da ansonsten die Kinder in der Gruppe zu sehr gest\u00f6rt werden. Auch erleichtert es [&hellip;]<\/p>\n","protected":false},"author":1,"featured_media":0,"parent":8,"menu_order":4,"comment_status":"closed","ping_status":"closed","template":"","meta":[],"_links":{"self":[{"href":"https:\/\/www.kinderbetreuung-hexenkessel.de\/index.php?rest_route=\/wp\/v2\/pages\/46"}],"collection":[{"href":"https:\/\/www.kinderbetreuung-hexenkessel.de\/index.php?rest_route=\/wp\/v2\/pages"}],"about":[{"href":"https:\/\/www.kinderbetreuung-hexenkessel.de\/index.php?rest_route=\/wp\/v2\/types\/page"}],"author":[{"embeddable":true,"href":"https:\/\/www.kinderbetreuung-hexenkessel.de\/index.php?rest_route=\/wp\/v2\/users\/1"}],"replies":[{"embeddable":true,"href":"https:\/\/www.kinderbetreuung-hexenkessel.de\/index.php?rest_route=%2Fwp%2Fv2%2Fcomments&post=46"}],"version-history":[{"count":5,"href":"https:\/\/www.kinderbetreuung-hexenkessel.de\/index.php?rest_route=\/wp\/v2\/pages\/46\/revisions"}],"predecessor-version":[{"id":350,"href":"https:\/\/www.kinderbetreuung-hexenkessel.de\/index.php?rest_route=\/wp\/v2\/pages\/46\/revisions\/350"}],"up":[{"embeddable":true,"href":"https:\/\/www.kinderbetreuung-hexenkessel.de\/index.php?rest_route=\/wp\/v2\/pages\/8"}],"wp:attachment":[{"href":"https:\/\/www.kinderbetreuung-hexenkessel.de\/index.php?rest_route=%2Fwp%2Fv2%2Fmedia&parent=46"}],"curies":[{"name":"wp","href":"https:\/\/api.w.org\/{rel}","templated":true}]}}