{"id":44,"date":"2013-04-10T00:04:46","date_gmt":"2013-04-09T22:04:46","guid":{"rendered":"http:\/\/www.kinderbetreuung-hexenkessel.de\/?page_id=44"},"modified":"2024-04-25T08:19:52","modified_gmt":"2024-04-25T06:19:52","slug":"beschaffenheit-der-kinderbetreuung","status":"publish","type":"page","link":"https:\/\/www.kinderbetreuung-hexenkessel.de\/?page_id=44","title":{"rendered":"Beschaffenheit der Kinderbetreuung"},"content":{"rendered":"<h1>Beschaffenheit der Kinderbetreuung<\/h1>\n<p style=\"text-align: justify;\">Die Kindertagespflegestelle ist derzeit f\u00fcr bis zu 10 Kinder im Alter von 0-3 Jahren.<br \/>\nDie Kinderbetreuung \u201cBuntes Treiben im Hexenkessel\u201d existiert bereits seit 2004.<\/p>\n<p style=\"text-align: justify;\">Ich habe in mittlerweile in vielen verschiedenen R\u00e4umlichkeiten gearbeitet. Und jede davon hatte seine Zeit und Berechtigung. Nichts desto trotz haben wir im Januar 2022 dann nach langer \u00dcberlegung und Planung mit dem Bau der Kinderbetreuung begonnen. Und bereits im Herbst desselben Jahres konnten wir dann endlich umziehen.<\/p>\n<p style=\"text-align: justify;\">Die Betreuung der Kinder erfolgt nun in einem separaten Geb\u00e4ude, dass komplett auf die Bed\u00fcrfnisse der Kinder ausgerichtet ist. Im Erdgeschoss befindet sich der gro\u00dfe Gruppenraum mit angrenzender K\u00fcche. Auch ein Bad mit niedrigen Waschbecken ist dort zu finden. Hier k\u00f6nnen sich die Kinder eigenst\u00e4ndig die H\u00e4nde waschen und die Z\u00e4hne putzen. Im Obergeschoss gibt es einen gro\u00dfen Ruheraum mit Krippenbetten. Hier hat jedes Kind sein eigenes Bett. Schmuset\u00fccher oder Teddys von zu Hause, warten dort zum schlafen. Auch im Obergeschoss befindet sich ein Bad. Neben einer gro\u00dfen Wickelkommode, auf die die Kinder dank der Treppe selber klettern k\u00f6nnen, gibt es auch noch eine Duschgelegenheit. Am Geb\u00e4ude gibt es mehrere Bereiche f\u00fcr die Kinder zum Spielen und Toben. Hier sind wir am Liebsten. Oft befinden wir uns aber auch in unserem gro\u00dfen Nutzgarten. Dieser spricht, durch seine gro\u00dfe und vielf\u00e4ltige Fl\u00e4che, verschiedene Lernbereiche an.<\/p>\n<p style=\"text-align: justify;\">Der \u00e4u\u00dfere Bereich behandelt das Thema s\u00e4en und ernten. Hier gibt es ein gro\u00dfes Grabeland auf dem wir allerlei Gem\u00fcse anbauen. F\u00fcr die Kinder gibt es verschiedene Beete, an denen sie mitarbeiten k\u00f6nnen. Diese Hochbeete sind auch mit verschiedenen Kr\u00e4utern versehen, die zum Riechen und probieren einladen. Auch \u00fcber ein Gew\u00e4chshaus mit diversen Pflanzen, wie zum Beispiel Tomatenpflanzen und Paprika, verf\u00fcgt dieses Grundst\u00fcck. In der Spitze des Grundst\u00fcckes gibt es verschiedene Obstb\u00e4ume und Str\u00e4ucher. Durch dieses Angebot bekommen die Kinder einen guten Bezug zu Lebensmitteln und auch zu ihrer Umwelt. Durch die Arbeit im Garten ist die Wertsch\u00e4tzung der Lebensmittel ein ganz anderer.<\/p>\n","protected":false},"excerpt":{"rendered":"<p>Beschaffenheit der Kinderbetreuung Die Kindertagespflegestelle ist derzeit f\u00fcr bis zu 10 Kinder im Alter von 0-3 Jahren. Die Kinderbetreuung \u201cBuntes Treiben im Hexenkessel\u201d existiert bereits seit 2004. Ich habe in mittlerweile in vielen verschiedenen R\u00e4umlichkeiten gearbeitet. Und jede davon hatte seine Zeit und Berechtigung. Nichts desto trotz haben wir im Januar 2022 dann nach langer [&hellip;]<\/p>\n","protected":false},"author":1,"featured_media":0,"parent":8,"menu_order":3,"comment_status":"closed","ping_status":"closed","template":"","meta":[],"_links":{"self":[{"href":"https:\/\/www.kinderbetreuung-hexenkessel.de\/index.php?rest_route=\/wp\/v2\/pages\/44"}],"collection":[{"href":"https:\/\/www.kinderbetreuung-hexenkessel.de\/index.php?rest_route=\/wp\/v2\/pages"}],"about":[{"href":"https:\/\/www.kinderbetreuung-hexenkessel.de\/index.php?rest_route=\/wp\/v2\/types\/page"}],"author":[{"embeddable":true,"href":"https:\/\/www.kinderbetreuung-hexenkessel.de\/index.php?rest_route=\/wp\/v2\/users\/1"}],"replies":[{"embeddable":true,"href":"https:\/\/www.kinderbetreuung-hexenkessel.de\/index.php?rest_route=%2Fwp%2Fv2%2Fcomments&post=44"}],"version-history":[{"count":8,"href":"https:\/\/www.kinderbetreuung-hexenkessel.de\/index.php?rest_route=\/wp\/v2\/pages\/44\/revisions"}],"predecessor-version":[{"id":360,"href":"https:\/\/www.kinderbetreuung-hexenkessel.de\/index.php?rest_route=\/wp\/v2\/pages\/44\/revisions\/360"}],"up":[{"embeddable":true,"href":"https:\/\/www.kinderbetreuung-hexenkessel.de\/index.php?rest_route=\/wp\/v2\/pages\/8"}],"wp:attachment":[{"href":"https:\/\/www.kinderbetreuung-hexenkessel.de\/index.php?rest_route=%2Fwp%2Fv2%2Fmedia&parent=44"}],"curies":[{"name":"wp","href":"https:\/\/api.w.org\/{rel}","templated":true}]}}