{"id":40,"date":"2013-04-10T00:03:20","date_gmt":"2013-04-09T22:03:20","guid":{"rendered":"http:\/\/www.kinderbetreuung-hexenkessel.de\/?page_id=40"},"modified":"2017-09-19T11:41:05","modified_gmt":"2017-09-19T09:41:05","slug":"der-tagesablauf","status":"publish","type":"page","link":"https:\/\/www.kinderbetreuung-hexenkessel.de\/?page_id=40","title":{"rendered":"Der Tagesablauf"},"content":{"rendered":"<h1>Der Tagesablauf<\/h1>\n<p>Komm mit mir, ich beschreibe dir einen Tag bei uns:<\/p>\n<p>&nbsp;<\/p>\n<table style=\"height: 495px;\" border=\"0\" width=\"619\">\n<tbody>\n<tr>\n<td width=\"130\">07.00 \u2013 08.30 Uhr<\/td>\n<td width=\"310\">Ankunft der Kinder<\/td>\n<\/tr>\n<tr>\n<td>08.30 \u2013 09.00 Uhr<\/td>\n<td>Morgenkreis mit Begr\u00fc\u00dfungslied<\/p>\n<p>Fr\u00fchst\u00fcck vorbereiten und gemeinsames Fr\u00fchst\u00fcck<\/td>\n<\/tr>\n<tr>\n<td>09.00 \u2013 10.00 Uhr<\/td>\n<td>gemeinsamer Spaziergang mit unserem Hund Pino<\/td>\n<\/tr>\n<tr>\n<td>10.30 \u2013 11.45 Uhr<\/td>\n<td>gemeinsames Kochen und Essen<\/p>\n<p>Z\u00e4hne putzen<\/p>\n<p>Gute Nacht Geschichte in gem\u00fctlicher Atmosph\u00e4re<\/td>\n<\/tr>\n<tr>\n<td>11.45 \u2013 13.30 Uhr<\/td>\n<td>die Kinder in der Gruppe halten jetzt Mittagsruhe<\/td>\n<\/tr>\n<tr>\n<td>13.30 Uhr<\/p>\n<p>&nbsp;<\/p>\n<p>14.30 Uhr<\/td>\n<td>kleiner Snack wie z.B. Obst<\/p>\n<p>&nbsp;<\/p>\n<p>&nbsp;<\/p>\n<p>die ersten Kinder werden abgeholt<\/p>\n<p>kurze Elterngespr\u00e4che<\/td>\n<\/tr>\n<\/tbody>\n<\/table>\n<p>&nbsp;<\/p>\n<p>So gibt es eine feste Gruppe, zwischen 8.30 Uhr und 14.30 Uhr, in der die Kinder nicht durch kommende und gehende Kinder im Spiel oder beim Schlafen gest\u00f6rt werden. Dies ist auch die Zeit in der wir Ausfl\u00fcge unternehmen k\u00f6nnen.<\/p>\n","protected":false},"excerpt":{"rendered":"<p>Der Tagesablauf Komm mit mir, ich beschreibe dir einen Tag bei uns: &nbsp; 07.00 \u2013 08.30 Uhr Ankunft der Kinder 08.30 \u2013 09.00 Uhr Morgenkreis mit Begr\u00fc\u00dfungslied Fr\u00fchst\u00fcck vorbereiten und gemeinsames Fr\u00fchst\u00fcck 09.00 \u2013 10.00 Uhr gemeinsamer Spaziergang mit unserem Hund Pino 10.30 \u2013 11.45 Uhr gemeinsames Kochen und Essen Z\u00e4hne putzen Gute Nacht Geschichte [&hellip;]<\/p>\n","protected":false},"author":1,"featured_media":0,"parent":8,"menu_order":1,"comment_status":"closed","ping_status":"closed","template":"","meta":[],"_links":{"self":[{"href":"https:\/\/www.kinderbetreuung-hexenkessel.de\/index.php?rest_route=\/wp\/v2\/pages\/40"}],"collection":[{"href":"https:\/\/www.kinderbetreuung-hexenkessel.de\/index.php?rest_route=\/wp\/v2\/pages"}],"about":[{"href":"https:\/\/www.kinderbetreuung-hexenkessel.de\/index.php?rest_route=\/wp\/v2\/types\/page"}],"author":[{"embeddable":true,"href":"https:\/\/www.kinderbetreuung-hexenkessel.de\/index.php?rest_route=\/wp\/v2\/users\/1"}],"replies":[{"embeddable":true,"href":"https:\/\/www.kinderbetreuung-hexenkessel.de\/index.php?rest_route=%2Fwp%2Fv2%2Fcomments&post=40"}],"version-history":[{"count":4,"href":"https:\/\/www.kinderbetreuung-hexenkessel.de\/index.php?rest_route=\/wp\/v2\/pages\/40\/revisions"}],"predecessor-version":[{"id":311,"href":"https:\/\/www.kinderbetreuung-hexenkessel.de\/index.php?rest_route=\/wp\/v2\/pages\/40\/revisions\/311"}],"up":[{"embeddable":true,"href":"https:\/\/www.kinderbetreuung-hexenkessel.de\/index.php?rest_route=\/wp\/v2\/pages\/8"}],"wp:attachment":[{"href":"https:\/\/www.kinderbetreuung-hexenkessel.de\/index.php?rest_route=%2Fwp%2Fv2%2Fmedia&parent=40"}],"curies":[{"name":"wp","href":"https:\/\/api.w.org\/{rel}","templated":true}]}}