{"id":34,"date":"2013-04-09T23:52:40","date_gmt":"2013-04-09T21:52:40","guid":{"rendered":"http:\/\/www.kinderbetreuung-hexenkessel.de\/?page_id=34"},"modified":"2024-04-25T08:18:21","modified_gmt":"2024-04-25T06:18:21","slug":"essen","status":"publish","type":"page","link":"https:\/\/www.kinderbetreuung-hexenkessel.de\/?page_id=34","title":{"rendered":"Essen"},"content":{"rendered":"<h1>Essen<\/h1>\n<p style=\"text-align: justify;\">Das Essen wird meistens selber gekocht. Wenn wir Unternehmungen machen kann es vorkommen, dass ich das Essen im Sozialen Dienstleistungszentrum bestelle. Habe ich Zeit, koche ich es aber gerne mit den Kindern zusammen. Dies macht den Kindern immer sehr viel Freude. Au\u00dferdem f\u00f6rdern solche t\u00e4glich wiederkehrenden Aktionen das Gef\u00fchl, geborgen zu sein. Dies wiederum f\u00f6rdert den Gemeinschaftssinn.<br \/>\nDie gemeinsamen Mahlzeiten sind f\u00fcr die Kinder sehr wichtig. Am Anfang geben die festen Zeiten den Kindern halt und eine Struktur.<br \/>\nWenn sie sich eingew\u00f6hnt haben, dienen die Mahlzeiten dem kennenlernen und dem Austausch. Das Fr\u00fchst\u00fcck ist hierbei die wichtigste Mahlzeit am Tag und sollte gesund und ausgewogen sein. S\u00fc\u00dfigkeiten sehe ich nicht gerne in meiner Kindertagespflegestelle.<br \/>\nAls Getr\u00e4nke biete ich den Kindern selbst hergestellten Tee oder Saft, in Form von Schorle, an.<\/p>\n","protected":false},"excerpt":{"rendered":"<p>Essen Das Essen wird meistens selber gekocht. Wenn wir Unternehmungen machen kann es vorkommen, dass ich das Essen im Sozialen Dienstleistungszentrum bestelle. Habe ich Zeit, koche ich es aber gerne mit den Kindern zusammen. Dies macht den Kindern immer sehr viel Freude. Au\u00dferdem f\u00f6rdern solche t\u00e4glich wiederkehrenden Aktionen das Gef\u00fchl, geborgen zu sein. Dies wiederum [&hellip;]<\/p>\n","protected":false},"author":1,"featured_media":0,"parent":8,"menu_order":2,"comment_status":"closed","ping_status":"closed","template":"","meta":[],"_links":{"self":[{"href":"https:\/\/www.kinderbetreuung-hexenkessel.de\/index.php?rest_route=\/wp\/v2\/pages\/34"}],"collection":[{"href":"https:\/\/www.kinderbetreuung-hexenkessel.de\/index.php?rest_route=\/wp\/v2\/pages"}],"about":[{"href":"https:\/\/www.kinderbetreuung-hexenkessel.de\/index.php?rest_route=\/wp\/v2\/types\/page"}],"author":[{"embeddable":true,"href":"https:\/\/www.kinderbetreuung-hexenkessel.de\/index.php?rest_route=\/wp\/v2\/users\/1"}],"replies":[{"embeddable":true,"href":"https:\/\/www.kinderbetreuung-hexenkessel.de\/index.php?rest_route=%2Fwp%2Fv2%2Fcomments&post=34"}],"version-history":[{"count":4,"href":"https:\/\/www.kinderbetreuung-hexenkessel.de\/index.php?rest_route=\/wp\/v2\/pages\/34\/revisions"}],"predecessor-version":[{"id":358,"href":"https:\/\/www.kinderbetreuung-hexenkessel.de\/index.php?rest_route=\/wp\/v2\/pages\/34\/revisions\/358"}],"up":[{"embeddable":true,"href":"https:\/\/www.kinderbetreuung-hexenkessel.de\/index.php?rest_route=\/wp\/v2\/pages\/8"}],"wp:attachment":[{"href":"https:\/\/www.kinderbetreuung-hexenkessel.de\/index.php?rest_route=%2Fwp%2Fv2%2Fmedia&parent=34"}],"curies":[{"name":"wp","href":"https:\/\/api.w.org\/{rel}","templated":true}]}}