{"id":27,"date":"2013-04-09T22:38:16","date_gmt":"2013-04-09T20:38:16","guid":{"rendered":"http:\/\/www.kinderbetreuung-hexenkessel.de\/?page_id=27"},"modified":"2017-09-19T11:48:02","modified_gmt":"2017-09-19T09:48:02","slug":"home","status":"publish","type":"page","link":"https:\/\/www.kinderbetreuung-hexenkessel.de\/","title":{"rendered":"Home"},"content":{"rendered":"<h1>Liebe Eltern, liebe Interessierte,<br \/>\nich hei\u00dfe Sie herzlich willkommen im Hexenkessel.<\/h1>\n<p style=\"text-align: justify;\">Ich freue mich, dass Sie sich f\u00fcr meine\u00a0 U3 Kinderbetreuung interessieren und mir Ihr Kind anvertrauen wollen. Vielleicht geben Sie Ihr Kind mit Beginn der Betreuungszeit zum ersten Mal in fremde H\u00e4nde und Sie, und auch Ihr Kind wissen noch nicht so richtig, was Sie erwartet.<\/p>\n<p style=\"text-align: justify;\">Mein Ziel ist es, eine Umgebung zu schaffen, in der sich Ihr Kind angenommen und geborgen f\u00fchlen kann. W\u00e4hrend der Zeit, die Ihr Kind bei mir verbringt, m\u00f6chte ich es ein St\u00fcck auf seinem Lebensweg begleiten. Ich m\u00f6chte dazu beitragen, dass sich Ihr Kind zu einer fr\u00f6hlichen, selbstbewussten und lebensfrohen Pers\u00f6nlichkeit entwickeln kann.<br \/>\nMit dieser Website m\u00f6chte ich Ihnen einen ersten Eindruck \u00fcber meine Arbeit vermitteln.<\/p>\n<p style=\"text-align: justify;\">F\u00fcr Fragen die dennoch auftreten sollten, stehe ich Ihnen gerne zur Verf\u00fcgung.<\/p>\n<p style=\"text-align: justify;\"><strong>Ihre Nicole Salzmann<\/strong><\/p>\n<p style=\"text-align: center;\"><strong><em>&#8222;Weil unsere Kinder unsere einzige reale Verbindung<\/em><\/strong><\/p>\n<p style=\"text-align: center;\"><strong><em>zur Zukunft sind, und weil sie die schw\u00e4chsten sind,<\/em><\/strong><\/p>\n<p style=\"text-align: center;\"><strong><em>geh\u00f6ren sie an die erste Stelle der Gesellschaft.<\/em><\/strong><\/p>\n<p style=\"text-align: center;\"><strong><em>(Olaf Palme)<\/em><\/strong><\/p>\n","protected":false},"excerpt":{"rendered":"<p>Liebe Eltern, liebe Interessierte, ich hei\u00dfe Sie herzlich willkommen im Hexenkessel. Ich freue mich, dass Sie sich f\u00fcr meine\u00a0 U3 Kinderbetreuung interessieren und mir Ihr Kind anvertrauen wollen. Vielleicht geben Sie Ihr Kind mit Beginn der Betreuungszeit zum ersten Mal in fremde H\u00e4nde und Sie, und auch Ihr Kind wissen noch nicht so richtig, was [&hellip;]<\/p>\n","protected":false},"author":1,"featured_media":0,"parent":0,"menu_order":1,"comment_status":"closed","ping_status":"closed","template":"","meta":[],"_links":{"self":[{"href":"https:\/\/www.kinderbetreuung-hexenkessel.de\/index.php?rest_route=\/wp\/v2\/pages\/27"}],"collection":[{"href":"https:\/\/www.kinderbetreuung-hexenkessel.de\/index.php?rest_route=\/wp\/v2\/pages"}],"about":[{"href":"https:\/\/www.kinderbetreuung-hexenkessel.de\/index.php?rest_route=\/wp\/v2\/types\/page"}],"author":[{"embeddable":true,"href":"https:\/\/www.kinderbetreuung-hexenkessel.de\/index.php?rest_route=\/wp\/v2\/users\/1"}],"replies":[{"embeddable":true,"href":"https:\/\/www.kinderbetreuung-hexenkessel.de\/index.php?rest_route=%2Fwp%2Fv2%2Fcomments&post=27"}],"version-history":[{"count":7,"href":"https:\/\/www.kinderbetreuung-hexenkessel.de\/index.php?rest_route=\/wp\/v2\/pages\/27\/revisions"}],"predecessor-version":[{"id":367,"href":"https:\/\/www.kinderbetreuung-hexenkessel.de\/index.php?rest_route=\/wp\/v2\/pages\/27\/revisions\/367"}],"wp:attachment":[{"href":"https:\/\/www.kinderbetreuung-hexenkessel.de\/index.php?rest_route=%2Fwp%2Fv2%2Fmedia&parent=27"}],"curies":[{"name":"wp","href":"https:\/\/api.w.org\/{rel}","templated":true}]}}